{"id":1521,"date":"2026-02-24T16:33:45","date_gmt":"2026-02-24T15:33:45","guid":{"rendered":"https:\/\/serveur-26-gentleview.fr\/?page_id=1521"},"modified":"2026-03-18T21:10:53","modified_gmt":"2026-03-18T20:10:53","slug":"devenir-revendeuse","status":"publish","type":"page","link":"https:\/\/serveur-26-gentleview.fr\/ar\/devenir-revendeuse\/","title":{"rendered":"Devenir revendeuse"},"content":{"rendered":"\t\t<div data-elementor-type=\"wp-page\" data-elementor-id=\"1521\" class=\"elementor elementor-1521\" data-elementor-post-type=\"page\">\n\t\t\t\t<div class=\"elementor-element elementor-element-2c39d273 e-grid e-con-boxed e-con e-parent\" data-id=\"2c39d273\" data-element_type=\"container\" data-e-type=\"container\" data-settings=\"{&quot;background_background&quot;:&quot;classic&quot;}\">\n\t\t\t\t\t<div class=\"e-con-inner\">\n\t\t<div class=\"elementor-element elementor-element-190bd82a e-con-full e-flex e-con e-child\" data-id=\"190bd82a\" data-element_type=\"container\" data-e-type=\"container\">\n\t\t\t\t<div class=\"elementor-element elementor-element-6ced7db9 elementor-widget elementor-widget-heading\" data-id=\"6ced7db9\" data-element_type=\"widget\" data-e-type=\"widget\" data-widget_type=\"heading.default\">\n\t\t\t\t\t<h2 class=\"elementor-heading-title elementor-size-default\">Contactez nous<\/h2>\t\t\t\t<\/div>\n\t\t\t\t<div class=\"elementor-element elementor-element-1d0c1415 elementor-widget__width-initial elementor-widget elementor-widget-text-editor\" data-id=\"1d0c1415\" data-element_type=\"widget\" data-e-type=\"widget\" data-widget_type=\"text-editor.default\">\n\t\t\t\t\t\t\t\t\t<p>Vous postulez en ligne en remplissant un formulaire afin de rejoindre le r\u00e9seau de revendeuses partenaires. Une fois votre candidature envoy\u00e9e, l\u2019\u00e9quipe analyse votre profil et vous contacte s\u2019il correspond aux crit\u00e8res recherch\u00e9s. Apr\u00e8s validation, vous recevez un identifiant personnel ainsi que les zones dans lesquelles vous pourrez intervenir. Gr\u00e2ce \u00e0 cet ID, vous pouvez recevoir ou s\u00e9lectionner des demandes provenant de clientes situ\u00e9es dans votre secteur.<\/p><p>Vous vous d\u00e9placez ensuite directement chez la cliente pour r\u00e9aliser la collecte \u00e0 domicile : vous triez les articles et r\u00e9cup\u00e9rez ceux qui correspondent au processus de s\u00e9lection pr\u00e9vu. Les articles sont ensuite pris en charge pour la vente, et vous percevez une commission sur chaque vente r\u00e9alis\u00e9e \u00e0 partir des pi\u00e8ces que vous avez collect\u00e9es.<\/p>\t\t\t\t\t\t\t\t<\/div>\n\t\t\t\t<div class=\"elementor-element elementor-element-9e5e7ce elementor-hidden-desktop elementor-hidden-tablet elementor-widget elementor-widget-spacer\" data-id=\"9e5e7ce\" data-element_type=\"widget\" data-e-type=\"widget\" data-widget_type=\"spacer.default\">\n\t\t\t\t\t\t\t<div class=\"elementor-spacer\">\n\t\t\t<div class=\"elementor-spacer-inner\"><\/div>\n\t\t<\/div>\n\t\t\t\t\t\t<\/div>\n\t\t\t\t<\/div>\n\t\t\t\t<div class=\"elementor-element elementor-element-1c415c8c elementor-button-align-stretch elementor-widget elementor-widget-form\" data-id=\"1c415c8c\" data-element_type=\"widget\" data-e-type=\"widget\" data-settings=\"{&quot;step_next_label&quot;:&quot;Suivant&quot;,&quot;step_previous_label&quot;:&quot;Pr\\u00e9c\\u00e9dent&quot;,&quot;button_width&quot;:&quot;100&quot;,&quot;step_type&quot;:&quot;number_text&quot;,&quot;step_icon_shape&quot;:&quot;circle&quot;}\" data-widget_type=\"form.default\">\n\t\t\t\t\t\t\t<form class=\"elementor-form\" method=\"post\" name=\"Nouveau formulaire\" aria-label=\"Nouveau formulaire\">\n\t\t\t<input type=\"hidden\" name=\"post_id\" value=\"1521\"\/>\n\t\t\t<input type=\"hidden\" name=\"form_id\" value=\"1c415c8c\"\/>\n\t\t\t<input type=\"hidden\" name=\"referer_title\" value=\"Devenir revendeuse\" \/>\n\n\t\t\t\t\t\t\t<input type=\"hidden\" name=\"queried_id\" value=\"1521\"\/>\n\t\t\t\n\t\t\t<div class=\"elementor-form-fields-wrapper elementor-labels-above\">\n\t\t\t\t\t\t\t\t<div class=\"elementor-field-type-text elementor-field-group elementor-column elementor-field-group-field_4154e7b elementor-col-50\">\n\t\t\t\t\t\t\t\t\t\t\t\t\t<input size=\"1\" type=\"text\" name=\"form_fields[field_4154e7b]\" id=\"form-field-field_4154e7b\" class=\"elementor-field elementor-size-lg  elementor-field-textual\" placeholder=\"Nom\">\n\t\t\t\t\t\t\t\t\t\t\t<\/div>\n\t\t\t\t\t\t\t\t<div class=\"elementor-field-type-text elementor-field-group elementor-column elementor-field-group-field_d3f102d elementor-col-50\">\n\t\t\t\t\t\t\t\t\t\t\t\t\t<input size=\"1\" type=\"text\" name=\"form_fields[field_d3f102d]\" id=\"form-field-field_d3f102d\" class=\"elementor-field elementor-size-lg  elementor-field-textual\" placeholder=\"Pr\u00e9nom\">\n\t\t\t\t\t\t\t\t\t\t\t<\/div>\n\t\t\t\t\t\t\t\t<div class=\"elementor-field-type-email elementor-field-group elementor-column elementor-field-group-email elementor-col-50 elementor-field-required\">\n\t\t\t\t\t\t\t\t\t\t\t\t\t<input size=\"1\" type=\"email\" name=\"form_fields[email]\" id=\"form-field-email\" class=\"elementor-field elementor-size-lg  elementor-field-textual\" placeholder=\"E-mail\" required=\"required\">\n\t\t\t\t\t\t\t\t\t\t\t<\/div>\n\t\t\t\t\t\t\t\t<div class=\"elementor-field-type-tel elementor-field-group elementor-column elementor-field-group-field_01bf7be elementor-col-50 elementor-field-required\">\n\t\t\t\t\t\t\t<input size=\"1\" type=\"tel\" name=\"form_fields[field_01bf7be]\" id=\"form-field-field_01bf7be\" class=\"elementor-field elementor-size-lg  elementor-field-textual\" placeholder=\"T\u00e9l\u00e9phone \/ Whatsapp\" required=\"required\" pattern=\"[0-9()#&amp;+*-=.]+\" title=\"Seuls les caract\u00e8res de num\u00e9ros de t\u00e9l\u00e9phone (#, -, *, etc.) sont accept\u00e9s.\">\n\n\t\t\t\t\t\t<\/div>\n\t\t\t\t\t\t\t\t<div class=\"elementor-field-type-number elementor-field-group elementor-column elementor-field-group-message elementor-col-50\">\n\t\t\t\t\t\t\t\t<input type=\"number\" name=\"form_fields[message]\" id=\"form-field-message\" class=\"elementor-field elementor-size-lg  elementor-field-textual\" placeholder=\"Age (optionnel)\" min=\"\" max=\"\" >\n\t\t\t\t\t\t<\/div>\n\t\t\t\t\t\t\t\t<div class=\"elementor-field-type-select elementor-field-group elementor-column elementor-field-group-field_47aa033 elementor-col-50\">\n\t\t\t\t\t\t\t<div class=\"elementor-field elementor-select-wrapper remove-before \">\n\t\t\t<div class=\"select-caret-down-wrapper\">\n\t\t\t\t<svg aria-hidden=\"true\" class=\"e-font-icon-svg e-eicon-caret-down\" viewBox=\"0 0 571.4 571.4\" xmlns=\"http:\/\/www.w3.org\/2000\/svg\"><path d=\"M571 393Q571 407 561 418L311 668Q300 679 286 679T261 668L11 418Q0 407 0 393T11 368 36 357H536Q550 357 561 368T571 393Z\"><\/path><\/svg>\t\t\t<\/div>\n\t\t\t<select name=\"form_fields[field_47aa033]\" id=\"form-field-field_47aa033\" class=\"elementor-field-textual elementor-size-lg\">\n\t\t\t\t\t\t\t\t\t<option value=\"Ville \/  Zone\">Ville \/  Zone<\/option>\n\t\t\t\t\t\t\t\t\t<option value=\"Dubai Marina\">Dubai Marina<\/option>\n\t\t\t\t\t\t\t\t\t<option value=\"Downtown\">Downtown<\/option>\n\t\t\t\t\t\t\t\t\t<option value=\"Business Bay\">Business Bay<\/option>\n\t\t\t\t\t\t\t\t\t<option value=\"JVC (Jumeirah Village Circle)\">JVC (Jumeirah Village Circle)<\/option>\n\t\t\t\t\t\t\t\t\t<option value=\"Palm Jumeirah\">Palm Jumeirah<\/option>\n\t\t\t\t\t\t\t\t\t<option value=\"Sharjah\">Sharjah<\/option>\n\t\t\t\t\t\t\t\t\t<option value=\"Ajman\">Ajman<\/option>\n\t\t\t\t\t\t\t\t\t<option value=\"Autre\">Autre<\/option>\n\t\t\t\t\t\t\t<\/select>\n\t\t<\/div>\n\t\t\t\t\t\t<\/div>\n\t\t\t\t\t\t\t\t<div class=\"elementor-field-type-textarea elementor-field-group elementor-column elementor-field-group-field_dcff205 elementor-col-100\">\n\t\t\t\t\t<textarea class=\"elementor-field-textual elementor-field  elementor-size-lg\" name=\"form_fields[field_dcff205]\" id=\"form-field-field_dcff205\" rows=\"4\" placeholder=\"Message\"><\/textarea>\t\t\t\t<\/div>\n\t\t\t\t\t\t\t\t<div class=\"elementor-field-group elementor-column elementor-field-type-submit elementor-col-100 e-form__buttons\">\n\t\t\t\t\t<button class=\"elementor-button elementor-size-sm\" type=\"submit\">\n\t\t\t\t\t\t<span class=\"elementor-button-content-wrapper\">\n\t\t\t\t\t\t\t\t\t\t\t\t\t\t\t\t\t\t\t\t\t\t<span class=\"elementor-button-text\">Envoyer<\/span>\n\t\t\t\t\t\t\t\t\t\t\t\t\t<\/span>\n\t\t\t\t\t<\/button>\n\t\t\t\t<\/div>\n\t\t\t<\/div>\n\t\t<\/form>\n\t\t\t\t\t\t<\/div>\n\t\t\t\t\t<\/div>\n\t\t\t\t<\/div>\n\t\t<div class=\"elementor-element elementor-element-dae6de8 e-flex e-con-boxed e-con e-parent\" data-id=\"dae6de8\" data-element_type=\"container\" data-e-type=\"container\">\n\t\t\t\t\t<div class=\"e-con-inner\">\n\t\t\t\t<div class=\"elementor-element elementor-element-3ea426c elementor-widget elementor-widget-spacer\" data-id=\"3ea426c\" data-element_type=\"widget\" data-e-type=\"widget\" data-widget_type=\"spacer.default\">\n\t\t\t\t\t\t\t<div class=\"elementor-spacer\">\n\t\t\t<div class=\"elementor-spacer-inner\"><\/div>\n\t\t<\/div>\n\t\t\t\t\t\t<\/div>\n\t\t\t\t\t<\/div>\n\t\t\t\t<\/div>\n\t\t<div class=\"elementor-element elementor-element-823739c e-flex e-con-boxed e-con e-parent\" data-id=\"823739c\" data-element_type=\"container\" data-e-type=\"container\">\n\t\t\t\t\t<div class=\"e-con-inner\">\n\t\t\t\t<div class=\"elementor-element elementor-element-d7475a1 elementor-widget elementor-widget-heading\" data-id=\"d7475a1\" data-element_type=\"widget\" data-e-type=\"widget\" data-widget_type=\"heading.default\">\n\t\t\t\t\t<h2 class=\"elementor-heading-title elementor-size-default\">Pi\u00e8ces les plus demand\u00e9es<\/h2>\t\t\t\t<\/div>\n\t\t\t\t<div class=\"elementor-element elementor-element-b7ca225 elementor-widget__width-initial elementor-widget elementor-widget-text-editor\" data-id=\"b7ca225\" data-element_type=\"widget\" data-e-type=\"widget\" data-widget_type=\"text-editor.default\">\n\t\t\t\t\t\t\t\t\t<p>Une s\u00e9lection de pi\u00e8ces de luxe authentifi\u00e9es et g\u00e9r\u00e9es par Amberly.<\/p>\t\t\t\t\t\t\t\t<\/div>\n\t\t\t\t\t<\/div>\n\t\t\t\t<\/div>\n\t\t<div class=\"elementor-element elementor-element-f95df0a e-flex e-con-boxed e-con e-parent\" data-id=\"f95df0a\" data-element_type=\"container\" data-e-type=\"container\">\n\t\t\t\t\t<div class=\"e-con-inner\">\n\t\t<div class=\"elementor-element elementor-element-a350bfa e-con-full e-flex e-con e-child\" data-id=\"a350bfa\" data-element_type=\"container\" data-e-type=\"container\" data-settings=\"{&quot;background_background&quot;:&quot;classic&quot;}\">\n\t\t\t\t<div class=\"elementor-element elementor-element-d8a1c91 elementor-widget__width-initial elementor-widget elementor-widget-heading\" data-id=\"d8a1c91\" data-element_type=\"widget\" data-e-type=\"widget\" data-widget_type=\"heading.default\">\n\t\t\t\t\t<h3 class=\"elementor-heading-title elementor-size-default\">Acheter et vendre en toute confiance<\/h3>\t\t\t\t<\/div>\n\t\t\t\t<div class=\"elementor-element elementor-element-7e68800 elementor-widget elementor-widget-text-editor\" data-id=\"7e68800\" data-element_type=\"widget\" data-e-type=\"widget\" data-widget_type=\"text-editor.default\">\n\t\t\t\t\t\t\t\t\t<p>Amberly est l\u2019unique interm\u00e9diaire entre la vendeuse et l\u2019acheteuse. Chaque pi\u00e8ce est contr\u00f4l\u00e9e, stock\u00e9e et exp\u00e9di\u00e9e selon des standards stricts.<\/p>\t\t\t\t\t\t\t\t<\/div>\n\t\t\t\t<div class=\"elementor-element elementor-element-1bc3725 elementor-widget elementor-widget-button\" data-id=\"1bc3725\" data-element_type=\"widget\" data-e-type=\"widget\" data-widget_type=\"button.default\">\n\t\t\t\t\t\t\t\t\t\t<a class=\"elementor-button elementor-button-link elementor-size-sm\" href=\"https:\/\/serveur-26-gentleview.fr\/shop\/\">\n\t\t\t\t\t\t<span class=\"elementor-button-content-wrapper\">\n\t\t\t\t\t\t\t\t\t<span class=\"elementor-button-text\">Acheter en toute s\u00e9curit\u00e9<\/span>\n\t\t\t\t\t<\/span>\n\t\t\t\t\t<\/a>\n\t\t\t\t\t\t\t\t<\/div>\n\t\t\t\t<\/div>\n\t\t<div class=\"elementor-element elementor-element-965af84 e-con-full e-flex e-con e-child\" data-id=\"965af84\" data-element_type=\"container\" data-e-type=\"container\">\n\t\t\t\t<div class=\"elementor-element elementor-element-a85bf33 elementor-widget elementor-widget-shortcode\" data-id=\"a85bf33\" data-element_type=\"widget\" data-e-type=\"widget\" data-widget_type=\"shortcode.default\">\n\t\t\t\t\t\t\t<div class=\"elementor-shortcode\"><div class=\"woocommerce columns-3 \"><ul class=\"products columns-3\" data-products=\"type-3\" data-hover=\"zoom-in\">\n<li class=\"product type-product post-2168 status-publish first instock product_cat-sacs has-post-thumbnail taxable shipping-taxable product-type-simple\">\n\t<a href=\"https:\/\/serveur-26-gentleview.fr\/ar\/product\/sac-hermes-picotin-lock-18\/\" class=\"woocommerce-LoopProduct-link woocommerce-loop-product__link\"><img fetchpriority=\"high\" decoding=\"async\" width=\"300\" height=\"300\" src=\"https:\/\/serveur-26-gentleview.fr\/wp-content\/uploads\/2026\/03\/IMG_0385-300x300.jpeg\" class=\"attachment-woocommerce_thumbnail size-woocommerce_thumbnail\" alt=\"Sac HERMES picotin lock 18\" srcset=\"https:\/\/serveur-26-gentleview.fr\/wp-content\/uploads\/2026\/03\/IMG_0385-300x300.jpeg 300w, https:\/\/serveur-26-gentleview.fr\/wp-content\/uploads\/2026\/03\/IMG_0385-150x150.jpeg 150w, https:\/\/serveur-26-gentleview.fr\/wp-content\/uploads\/2026\/03\/IMG_0385-100x100.jpeg 100w, https:\/\/serveur-26-gentleview.fr\/wp-content\/uploads\/2026\/03\/IMG_0385-50x50.jpeg 50w\" sizes=\"(max-width: 300px) 100vw, 300px\" \/><h2 class=\"woocommerce-loop-product__title\">Sac HERMES picotin  lock 18<\/h2>\n<\/a><a href=\"https:\/\/serveur-26-gentleview.fr\/ar\/product\/sac-hermes-picotin-lock-18\/\" aria-describedby=\"woocommerce_loop_add_to_cart_link_describedby_2168\" data-quantity=\"1\" class=\"button product_type_simple\" data-product_id=\"2168\" data-product_sku=\"\" aria-label=\"\u0625\u0642\u0631\u0623 \u0627\u0644\u0645\u0632\u064a\u062f \u0639\u0646 &ldquo;Sac HERMES picotin  lock 18&rdquo;\" rel=\"nofollow\" data-success_message=\"\">\u0642\u0631\u0627\u0621\u0629 \u0627\u0644\u0645\u0632\u064a\u062f<\/a>\t<span id=\"woocommerce_loop_add_to_cart_link_describedby_2168\" class=\"screen-reader-text\">\n\t\t\t<\/span>\n<\/li>\n<li class=\"product type-product post-2160 status-publish instock product_cat-non-classe product_cat-sacs has-post-thumbnail taxable shipping-taxable purchasable product-type-simple\">\n\t<a href=\"https:\/\/serveur-26-gentleview.fr\/ar\/product\/2160\/\" class=\"woocommerce-LoopProduct-link woocommerce-loop-product__link\"><img decoding=\"async\" width=\"300\" height=\"300\" src=\"https:\/\/serveur-26-gentleview.fr\/wp-content\/uploads\/2026\/03\/IMG_0411-300x300.jpeg\" class=\"attachment-woocommerce_thumbnail size-woocommerce_thumbnail\" alt=\"Sac Channel cuir noir\" srcset=\"https:\/\/serveur-26-gentleview.fr\/wp-content\/uploads\/2026\/03\/IMG_0411-300x300.jpeg 300w, https:\/\/serveur-26-gentleview.fr\/wp-content\/uploads\/2026\/03\/IMG_0411-1024x1024.jpeg 1024w, https:\/\/serveur-26-gentleview.fr\/wp-content\/uploads\/2026\/03\/IMG_0411-150x150.jpeg 150w, https:\/\/serveur-26-gentleview.fr\/wp-content\/uploads\/2026\/03\/IMG_0411-768x767.jpeg 768w, https:\/\/serveur-26-gentleview.fr\/wp-content\/uploads\/2026\/03\/IMG_0411-12x12.jpeg 12w, https:\/\/serveur-26-gentleview.fr\/wp-content\/uploads\/2026\/03\/IMG_0411-500x500.jpeg 500w, https:\/\/serveur-26-gentleview.fr\/wp-content\/uploads\/2026\/03\/IMG_0411-600x600.jpeg 600w, https:\/\/serveur-26-gentleview.fr\/wp-content\/uploads\/2026\/03\/IMG_0411-100x100.jpeg 100w, https:\/\/serveur-26-gentleview.fr\/wp-content\/uploads\/2026\/03\/IMG_0411-50x50.jpeg 50w, https:\/\/serveur-26-gentleview.fr\/wp-content\/uploads\/2026\/03\/IMG_0411.jpeg 1531w\" sizes=\"(max-width: 300px) 100vw, 300px\" \/><h2 class=\"woocommerce-loop-product__title\">Sac CHANNEL matelass\u00e9 cuir Noir<\/h2>\n\t<span class=\"price\"><span class=\"woocommerce-Price-amount amount\"><bdi><span class=\"woocommerce-Price-currencySymbol\">&#36;<\/span>3,100.00<\/bdi><\/span><\/span>\n<\/a><a href=\"\/ar\/wp-json\/wp\/v2\/pages\/1521?add-to-cart=2160\" aria-describedby=\"woocommerce_loop_add_to_cart_link_describedby_2160\" data-quantity=\"1\" class=\"button product_type_simple add_to_cart_button ajax_add_to_cart\" data-product_id=\"2160\" data-product_sku=\"\" aria-label=\"\u0625\u0636\u0627\u0641\u0629 \u0625\u0644\u0649 \u0639\u0631\u0628\u0629 \u0627\u0644\u062a\u0633\u0648\u0642: &quot;Sac CHANNEL matelass\u00e9 cuir Noir&quot;\" rel=\"nofollow\" data-success_message=\"\u062a\u0645\u062a \u0625\u0636\u0627\u0641\u0629 &quot;Sac CHANNEL matelass\u00e9 cuir Noir&quot; \u0625\u0644\u0649 \u0639\u0631\u0628\u0629 \u0627\u0644\u062a\u0633\u0648\u0642 \u0644\u062f\u064a\u0643\" role=\"button\">\u0625\u0636\u0627\u0641\u0629 \u0625\u0644\u0649 \u0627\u0644\u0633\u0644\u0629<\/a>\t<span id=\"woocommerce_loop_add_to_cart_link_describedby_2160\" class=\"screen-reader-text\">\n\t\t\t<\/span>\n<\/li>\n<\/ul>\n<\/div><\/div>\n\t\t\t\t\t\t<\/div>\n\t\t\t\t<\/div>\n\t\t\t\t\t<\/div>\n\t\t\t\t<\/div>\n\t\t\t\t<\/div>\n\t\t","protected":false},"excerpt":{"rendered":"<p>Contactez nous Vous postulez en ligne en remplissant un formulaire afin de rejoindre le r\u00e9seau de revendeuses partenaires. Une fois votre candidature envoy\u00e9e, l\u2019\u00e9quipe analyse votre profil et vous contacte s\u2019il correspond aux crit\u00e8res recherch\u00e9s. Apr\u00e8s validation, vous recevez un identifiant personnel ainsi que les zones dans lesquelles vous pourrez intervenir. Gr\u00e2ce \u00e0 cet ID, [&hellip;]<\/p>\n","protected":false},"author":26,"featured_media":0,"parent":0,"menu_order":0,"comment_status":"closed","ping_status":"closed","template":"","meta":{"_acf_changed":false,"_gspb_post_css":"","footnotes":""},"class_list":["post-1521","page","type-page","status-publish","hentry"],"blocksy_meta":{"has_hero_section":"disabled","vertical_spacing_source":"inherit","content_area_spacing":"none","styles_descriptor":{"styles":{"desktop":"","tablet":"","mobile":""},"google_fonts":[],"version":6}},"acf":[],"_links":{"self":[{"href":"https:\/\/serveur-26-gentleview.fr\/ar\/wp-json\/wp\/v2\/pages\/1521","targetHints":{"allow":["GET"]}}],"collection":[{"href":"https:\/\/serveur-26-gentleview.fr\/ar\/wp-json\/wp\/v2\/pages"}],"about":[{"href":"https:\/\/serveur-26-gentleview.fr\/ar\/wp-json\/wp\/v2\/types\/page"}],"author":[{"embeddable":true,"href":"https:\/\/serveur-26-gentleview.fr\/ar\/wp-json\/wp\/v2\/users\/26"}],"replies":[{"embeddable":true,"href":"https:\/\/serveur-26-gentleview.fr\/ar\/wp-json\/wp\/v2\/comments?post=1521"}],"version-history":[{"count":43,"href":"https:\/\/serveur-26-gentleview.fr\/ar\/wp-json\/wp\/v2\/pages\/1521\/revisions"}],"predecessor-version":[{"id":1950,"href":"https:\/\/serveur-26-gentleview.fr\/ar\/wp-json\/wp\/v2\/pages\/1521\/revisions\/1950"}],"wp:attachment":[{"href":"https:\/\/serveur-26-gentleview.fr\/ar\/wp-json\/wp\/v2\/media?parent=1521"}],"curies":[{"name":"wp","href":"https:\/\/api.w.org\/{rel}","templated":true}]}}