{"id":2160,"date":"2026-03-26T14:43:22","date_gmt":"2026-03-26T13:43:22","guid":{"rendered":"https:\/\/serveur-26-gentleview.fr\/?post_type=product&#038;p=2160"},"modified":"2026-03-26T15:08:54","modified_gmt":"2026-03-26T14:08:54","slug":"2160","status":"publish","type":"product","link":"https:\/\/serveur-26-gentleview.fr\/ar\/product\/2160\/","title":{"rendered":"Sac CHANNEL matelass\u00e9 cuir Noir"},"content":{"rendered":"<p><img fetchpriority=\"high\" decoding=\"async\" class=\"size-medium wp-image-2162\" src=\"https:\/\/serveur-26-gentleview.fr\/wp-content\/uploads\/2026\/03\/IMG_0412-300x296.jpeg\" alt=\"\" width=\"300\" height=\"296\" srcset=\"https:\/\/serveur-26-gentleview.fr\/wp-content\/uploads\/2026\/03\/IMG_0412-300x296.jpeg 300w, https:\/\/serveur-26-gentleview.fr\/wp-content\/uploads\/2026\/03\/IMG_0412-1024x1009.jpeg 1024w, https:\/\/serveur-26-gentleview.fr\/wp-content\/uploads\/2026\/03\/IMG_0412-768x757.jpeg 768w, https:\/\/serveur-26-gentleview.fr\/wp-content\/uploads\/2026\/03\/IMG_0412-1536x1514.jpeg 1536w, https:\/\/serveur-26-gentleview.fr\/wp-content\/uploads\/2026\/03\/IMG_0412-12x12.jpeg 12w, https:\/\/serveur-26-gentleview.fr\/wp-content\/uploads\/2026\/03\/IMG_0412-500x493.jpeg 500w, https:\/\/serveur-26-gentleview.fr\/wp-content\/uploads\/2026\/03\/IMG_0412-600x591.jpeg 600w, https:\/\/serveur-26-gentleview.fr\/wp-content\/uploads\/2026\/03\/IMG_0412-100x100.jpeg 100w, https:\/\/serveur-26-gentleview.fr\/wp-content\/uploads\/2026\/03\/IMG_0412-50x50.jpeg 50w, https:\/\/serveur-26-gentleview.fr\/wp-content\/uploads\/2026\/03\/IMG_0412.jpeg 1539w\" sizes=\"(max-width: 300px) 100vw, 300px\" \/><\/p>\n<p>&nbsp;<\/p>\n<p>&nbsp;<\/p>\n<p><img decoding=\"async\" class=\"size-medium wp-image-2163\" src=\"https:\/\/serveur-26-gentleview.fr\/wp-content\/uploads\/2026\/03\/IMG_0413-300x289.jpeg\" alt=\"\" width=\"300\" height=\"289\" srcset=\"https:\/\/serveur-26-gentleview.fr\/wp-content\/uploads\/2026\/03\/IMG_0413-300x289.jpeg 300w, https:\/\/serveur-26-gentleview.fr\/wp-content\/uploads\/2026\/03\/IMG_0413-1024x987.jpeg 1024w, https:\/\/serveur-26-gentleview.fr\/wp-content\/uploads\/2026\/03\/IMG_0413-768x740.jpeg 768w, https:\/\/serveur-26-gentleview.fr\/wp-content\/uploads\/2026\/03\/IMG_0413-1536x1480.jpeg 1536w, https:\/\/serveur-26-gentleview.fr\/wp-content\/uploads\/2026\/03\/IMG_0413-12x12.jpeg 12w, https:\/\/serveur-26-gentleview.fr\/wp-content\/uploads\/2026\/03\/IMG_0413-500x482.jpeg 500w, https:\/\/serveur-26-gentleview.fr\/wp-content\/uploads\/2026\/03\/IMG_0413-600x578.jpeg 600w, https:\/\/serveur-26-gentleview.fr\/wp-content\/uploads\/2026\/03\/IMG_0413.jpeg 1587w\" sizes=\"(max-width: 300px) 100vw, 300px\" \/><\/p>\n<p><img decoding=\"async\" class=\"size-medium wp-image-2164\" src=\"https:\/\/serveur-26-gentleview.fr\/wp-content\/uploads\/2026\/03\/IMG_0414-300x289.jpeg\" alt=\"\" width=\"300\" height=\"289\" srcset=\"https:\/\/serveur-26-gentleview.fr\/wp-content\/uploads\/2026\/03\/IMG_0414-300x289.jpeg 300w, https:\/\/serveur-26-gentleview.fr\/wp-content\/uploads\/2026\/03\/IMG_0414-1024x985.jpeg 1024w, https:\/\/serveur-26-gentleview.fr\/wp-content\/uploads\/2026\/03\/IMG_0414-768x739.jpeg 768w, https:\/\/serveur-26-gentleview.fr\/wp-content\/uploads\/2026\/03\/IMG_0414-1536x1477.jpeg 1536w, https:\/\/serveur-26-gentleview.fr\/wp-content\/uploads\/2026\/03\/IMG_0414-12x12.jpeg 12w, https:\/\/serveur-26-gentleview.fr\/wp-content\/uploads\/2026\/03\/IMG_0414-500x481.jpeg 500w, https:\/\/serveur-26-gentleview.fr\/wp-content\/uploads\/2026\/03\/IMG_0414-600x577.jpeg 600w, https:\/\/serveur-26-gentleview.fr\/wp-content\/uploads\/2026\/03\/IMG_0414.jpeg 1597w\" sizes=\"(max-width: 300px) 100vw, 300px\" \/><\/p>\n<p><img loading=\"lazy\" decoding=\"async\" class=\"size-medium wp-image-2165\" src=\"https:\/\/serveur-26-gentleview.fr\/wp-content\/uploads\/2026\/03\/IMG_0415-300x293.jpeg\" alt=\"\" width=\"300\" height=\"293\" srcset=\"https:\/\/serveur-26-gentleview.fr\/wp-content\/uploads\/2026\/03\/IMG_0415-300x293.jpeg 300w, https:\/\/serveur-26-gentleview.fr\/wp-content\/uploads\/2026\/03\/IMG_0415-1024x1001.jpeg 1024w, https:\/\/serveur-26-gentleview.fr\/wp-content\/uploads\/2026\/03\/IMG_0415-768x751.jpeg 768w, https:\/\/serveur-26-gentleview.fr\/wp-content\/uploads\/2026\/03\/IMG_0415-1536x1502.jpeg 1536w, https:\/\/serveur-26-gentleview.fr\/wp-content\/uploads\/2026\/03\/IMG_0415-12x12.jpeg 12w, https:\/\/serveur-26-gentleview.fr\/wp-content\/uploads\/2026\/03\/IMG_0415-500x489.jpeg 500w, https:\/\/serveur-26-gentleview.fr\/wp-content\/uploads\/2026\/03\/IMG_0415-600x587.jpeg 600w, https:\/\/serveur-26-gentleview.fr\/wp-content\/uploads\/2026\/03\/IMG_0415-50x50.jpeg 50w, https:\/\/serveur-26-gentleview.fr\/wp-content\/uploads\/2026\/03\/IMG_0415.jpeg 1567w\" sizes=\"(max-width: 300px) 100vw, 300px\" \/><\/p>\n<p><img loading=\"lazy\" decoding=\"async\" class=\"size-medium wp-image-2166\" src=\"https:\/\/serveur-26-gentleview.fr\/wp-content\/uploads\/2026\/03\/IMG_0416-300x287.jpeg\" alt=\"\" width=\"300\" height=\"287\" srcset=\"https:\/\/serveur-26-gentleview.fr\/wp-content\/uploads\/2026\/03\/IMG_0416-300x287.jpeg 300w, https:\/\/serveur-26-gentleview.fr\/wp-content\/uploads\/2026\/03\/IMG_0416-1024x980.jpeg 1024w, https:\/\/serveur-26-gentleview.fr\/wp-content\/uploads\/2026\/03\/IMG_0416-768x735.jpeg 768w, https:\/\/serveur-26-gentleview.fr\/wp-content\/uploads\/2026\/03\/IMG_0416-1536x1470.jpeg 1536w, https:\/\/serveur-26-gentleview.fr\/wp-content\/uploads\/2026\/03\/IMG_0416-13x12.jpeg 13w, https:\/\/serveur-26-gentleview.fr\/wp-content\/uploads\/2026\/03\/IMG_0416-500x479.jpeg 500w, https:\/\/serveur-26-gentleview.fr\/wp-content\/uploads\/2026\/03\/IMG_0416-600x574.jpeg 600w, https:\/\/serveur-26-gentleview.fr\/wp-content\/uploads\/2026\/03\/IMG_0416.jpeg 1610w\" sizes=\"(max-width: 300px) 100vw, 300px\" \/><\/p>","protected":false},"excerpt":{"rendered":"<p class=\"p1\"><strong><span class=\"s1\">Chanel, sac cabas matelass\u00e9 \u00e0 cha\u00eene en noir.<\/span><\/strong><\/p>\n<p class=\"p1\"><span class=\"s1\">\u00c9TAT : bon \u00e9tat<\/span><\/p>\n<p class=\"p1\"><span class=\"s1\">MESURES : hauteur 20 cm, largeur 33 cm, profondeur 15 cm, hauteur de la poign\u00e9e 25 cm<\/span><\/p>\n<p class=\"p1\"><span class=\"s1\">MAT\u00c9RIEL : cuir<\/span><\/p>\n<p class=\"p1\"><span class=\"s1\">ENTRETIEN : nettoyage des taches &#8211; sp\u00e9cialiste du cuir<\/span><\/p>\n<p class=\"p1\"><span class=\"s1\">COULEUR: noir<\/span><\/p>","protected":false},"featured_media":2161,"comment_status":"open","ping_status":"closed","template":"","meta":{"_acf_changed":false,"_gspb_post_css":""},"product_brand":[139],"product_cat":[15,105],"product_tag":[],"class_list":{"0":"post-2160","1":"product","2":"type-product","3":"status-publish","4":"has-post-thumbnail","6":"product_brand-channel","7":"product_cat-non-classe","8":"product_cat-sacs","10":"first","11":"instock","12":"taxable","13":"shipping-taxable","14":"purchasable","15":"product-type-simple"},"acf":[],"ct_brands":[{"id":139,"name":"Channel","slug":"channel"}],"_links":{"self":[{"href":"https:\/\/serveur-26-gentleview.fr\/ar\/wp-json\/wp\/v2\/product\/2160","targetHints":{"allow":["GET"]}}],"collection":[{"href":"https:\/\/serveur-26-gentleview.fr\/ar\/wp-json\/wp\/v2\/product"}],"about":[{"href":"https:\/\/serveur-26-gentleview.fr\/ar\/wp-json\/wp\/v2\/types\/product"}],"replies":[{"embeddable":true,"href":"https:\/\/serveur-26-gentleview.fr\/ar\/wp-json\/wp\/v2\/comments?post=2160"}],"wp:featuredmedia":[{"embeddable":true,"href":"https:\/\/serveur-26-gentleview.fr\/ar\/wp-json\/wp\/v2\/media\/2161"}],"wp:attachment":[{"href":"https:\/\/serveur-26-gentleview.fr\/ar\/wp-json\/wp\/v2\/media?parent=2160"}],"wp:term":[{"taxonomy":"product_brand","embeddable":true,"href":"https:\/\/serveur-26-gentleview.fr\/ar\/wp-json\/wp\/v2\/product_brand?post=2160"},{"taxonomy":"product_cat","embeddable":true,"href":"https:\/\/serveur-26-gentleview.fr\/ar\/wp-json\/wp\/v2\/product_cat?post=2160"},{"taxonomy":"product_tag","embeddable":true,"href":"https:\/\/serveur-26-gentleview.fr\/ar\/wp-json\/wp\/v2\/product_tag?post=2160"}],"curies":[{"name":"wp","href":"https:\/\/api.w.org\/{rel}","templated":true}]}}