{"id":2168,"date":"2026-03-26T15:05:51","date_gmt":"2026-03-26T14:05:51","guid":{"rendered":"https:\/\/serveur-26-gentleview.fr\/?post_type=product&#038;p=2168"},"modified":"2026-03-26T15:05:51","modified_gmt":"2026-03-26T14:05:51","slug":"sac-hermes-picotin-lock-18","status":"publish","type":"product","link":"https:\/\/serveur-26-gentleview.fr\/ar\/product\/sac-hermes-picotin-lock-18\/","title":{"rendered":"Sac HERMES picotin  lock 18"},"content":{"rendered":"<p class=\"p1\"><strong><span class=\"s1\">Herm\u00e8s Picotin Lock 18 Orange en cuir Taurillon Cl\u00e9mence.<\/span><\/strong><\/p>\n<p class=\"p1\"><span class=\"s2\">Sac seau embl\u00e9matique\u00a0de la maison Herm\u00e8s, au design minimaliste et raffin\u00e9, dot\u00e9 de sa fermeture iconique par lani\u00e8re en cuir et cadenas. <\/span><\/p>\n<p class=\"p1\"><span class=\"s2\">Son cuir grain\u00e9 souple offre une tr\u00e8s belle tenue tout en restant chic et intemporel. Format id\u00e9al pour un port\u00e9 main \u00e9l\u00e9gant au quotidien.<\/span><\/p>\n<p>&nbsp;<\/p>\n<p><img fetchpriority=\"high\" decoding=\"async\" class=\"alignnone size-medium wp-image-2169\" src=\"https:\/\/serveur-26-gentleview.fr\/wp-content\/uploads\/2026\/03\/IMG_0385-234x300.jpeg\" alt=\"Sac HERMES picotin lock 18\" width=\"234\" height=\"300\" srcset=\"https:\/\/serveur-26-gentleview.fr\/wp-content\/uploads\/2026\/03\/IMG_0385-234x300.jpeg 234w, https:\/\/serveur-26-gentleview.fr\/wp-content\/uploads\/2026\/03\/IMG_0385-799x1024.jpeg 799w, https:\/\/serveur-26-gentleview.fr\/wp-content\/uploads\/2026\/03\/IMG_0385-768x984.jpeg 768w, https:\/\/serveur-26-gentleview.fr\/wp-content\/uploads\/2026\/03\/IMG_0385-9x12.jpeg 9w, https:\/\/serveur-26-gentleview.fr\/wp-content\/uploads\/2026\/03\/IMG_0385-500x641.jpeg 500w, https:\/\/serveur-26-gentleview.fr\/wp-content\/uploads\/2026\/03\/IMG_0385-600x769.jpeg 600w, https:\/\/serveur-26-gentleview.fr\/wp-content\/uploads\/2026\/03\/IMG_0385.jpeg 1176w\" sizes=\"(max-width: 234px) 100vw, 234px\" \/><\/p>\n<p><img decoding=\"async\" class=\"size-medium wp-image-2174\" src=\"https:\/\/serveur-26-gentleview.fr\/wp-content\/uploads\/2026\/03\/IMG_0388-1-236x300.jpeg\" alt=\"\" width=\"236\" height=\"300\" srcset=\"https:\/\/serveur-26-gentleview.fr\/wp-content\/uploads\/2026\/03\/IMG_0388-1-236x300.jpeg 236w, https:\/\/serveur-26-gentleview.fr\/wp-content\/uploads\/2026\/03\/IMG_0388-1-805x1024.jpeg 805w, https:\/\/serveur-26-gentleview.fr\/wp-content\/uploads\/2026\/03\/IMG_0388-1-768x977.jpeg 768w, https:\/\/serveur-26-gentleview.fr\/wp-content\/uploads\/2026\/03\/IMG_0388-1-9x12.jpeg 9w, https:\/\/serveur-26-gentleview.fr\/wp-content\/uploads\/2026\/03\/IMG_0388-1-500x636.jpeg 500w, https:\/\/serveur-26-gentleview.fr\/wp-content\/uploads\/2026\/03\/IMG_0388-1-600x763.jpeg 600w, https:\/\/serveur-26-gentleview.fr\/wp-content\/uploads\/2026\/03\/IMG_0388-1.jpeg 1178w\" sizes=\"(max-width: 236px) 100vw, 236px\" \/><\/p>\n<p><img decoding=\"async\" class=\"size-medium wp-image-2175\" src=\"https:\/\/serveur-26-gentleview.fr\/wp-content\/uploads\/2026\/03\/IMG_0386-1-252x300.jpeg\" alt=\"\" width=\"252\" height=\"300\" srcset=\"https:\/\/serveur-26-gentleview.fr\/wp-content\/uploads\/2026\/03\/IMG_0386-1-252x300.jpeg 252w, https:\/\/serveur-26-gentleview.fr\/wp-content\/uploads\/2026\/03\/IMG_0386-1-861x1024.jpeg 861w, https:\/\/serveur-26-gentleview.fr\/wp-content\/uploads\/2026\/03\/IMG_0386-1-768x913.jpeg 768w, https:\/\/serveur-26-gentleview.fr\/wp-content\/uploads\/2026\/03\/IMG_0386-1-10x12.jpeg 10w, https:\/\/serveur-26-gentleview.fr\/wp-content\/uploads\/2026\/03\/IMG_0386-1-500x594.jpeg 500w, https:\/\/serveur-26-gentleview.fr\/wp-content\/uploads\/2026\/03\/IMG_0386-1-600x713.jpeg 600w, https:\/\/serveur-26-gentleview.fr\/wp-content\/uploads\/2026\/03\/IMG_0386-1.jpeg 1203w\" sizes=\"(max-width: 252px) 100vw, 252px\" \/><\/p>\n<p><img loading=\"lazy\" decoding=\"async\" class=\"size-medium wp-image-2173\" src=\"https:\/\/serveur-26-gentleview.fr\/wp-content\/uploads\/2026\/03\/IMG_0387-1-240x300.jpeg\" alt=\"\" width=\"240\" height=\"300\" srcset=\"https:\/\/serveur-26-gentleview.fr\/wp-content\/uploads\/2026\/03\/IMG_0387-1-240x300.jpeg 240w, https:\/\/serveur-26-gentleview.fr\/wp-content\/uploads\/2026\/03\/IMG_0387-1-821x1024.jpeg 821w, https:\/\/serveur-26-gentleview.fr\/wp-content\/uploads\/2026\/03\/IMG_0387-1-768x958.jpeg 768w, https:\/\/serveur-26-gentleview.fr\/wp-content\/uploads\/2026\/03\/IMG_0387-1-10x12.jpeg 10w, https:\/\/serveur-26-gentleview.fr\/wp-content\/uploads\/2026\/03\/IMG_0387-1-500x624.jpeg 500w, https:\/\/serveur-26-gentleview.fr\/wp-content\/uploads\/2026\/03\/IMG_0387-1-600x749.jpeg 600w, https:\/\/serveur-26-gentleview.fr\/wp-content\/uploads\/2026\/03\/IMG_0387-1.jpeg 1210w\" sizes=\"(max-width: 240px) 100vw, 240px\" \/><\/p>\n<p>&nbsp;<\/p>","protected":false},"excerpt":{"rendered":"<p>Herm\u00e8s Picotin Lock 18 Orange en cuir Taurillon Cl\u00e9mence. Sac seau embl\u00e9matique\u00a0de la maison Herm\u00e8s, au design minimaliste et raffin\u00e9, dot\u00e9 de sa fermeture iconique par lani\u00e8re en cuir et cadenas. Son cuir grain\u00e9 souple offre une tr\u00e8s belle tenue tout en restant chic et intemporel. Format id\u00e9al pour un port\u00e9 main \u00e9l\u00e9gant au quotidien. [&hellip;]<\/p>\n","protected":false},"featured_media":2169,"comment_status":"open","ping_status":"closed","template":"","meta":{"_acf_changed":false,"_gspb_post_css":""},"product_brand":[140],"product_cat":[105],"product_tag":[],"class_list":{"0":"post-2168","1":"product","2":"type-product","3":"status-publish","4":"has-post-thumbnail","6":"product_brand-hermes","7":"product_cat-sacs","9":"first","10":"instock","11":"taxable","12":"shipping-taxable","13":"product-type-simple"},"acf":[],"ct_brands":[{"id":140,"name":"Herm\u00e8s","slug":"hermes"}],"_links":{"self":[{"href":"https:\/\/serveur-26-gentleview.fr\/ar\/wp-json\/wp\/v2\/product\/2168","targetHints":{"allow":["GET"]}}],"collection":[{"href":"https:\/\/serveur-26-gentleview.fr\/ar\/wp-json\/wp\/v2\/product"}],"about":[{"href":"https:\/\/serveur-26-gentleview.fr\/ar\/wp-json\/wp\/v2\/types\/product"}],"replies":[{"embeddable":true,"href":"https:\/\/serveur-26-gentleview.fr\/ar\/wp-json\/wp\/v2\/comments?post=2168"}],"wp:featuredmedia":[{"embeddable":true,"href":"https:\/\/serveur-26-gentleview.fr\/ar\/wp-json\/wp\/v2\/media\/2169"}],"wp:attachment":[{"href":"https:\/\/serveur-26-gentleview.fr\/ar\/wp-json\/wp\/v2\/media?parent=2168"}],"wp:term":[{"taxonomy":"product_brand","embeddable":true,"href":"https:\/\/serveur-26-gentleview.fr\/ar\/wp-json\/wp\/v2\/product_brand?post=2168"},{"taxonomy":"product_cat","embeddable":true,"href":"https:\/\/serveur-26-gentleview.fr\/ar\/wp-json\/wp\/v2\/product_cat?post=2168"},{"taxonomy":"product_tag","embeddable":true,"href":"https:\/\/serveur-26-gentleview.fr\/ar\/wp-json\/wp\/v2\/product_tag?post=2168"}],"curies":[{"name":"wp","href":"https:\/\/api.w.org\/{rel}","templated":true}]}}